{"id":4140,"date":"2026-03-25T16:21:27","date_gmt":"2026-03-25T13:21:27","guid":{"rendered":"https:\/\/yatirimci.mackolik.com\/?page_id=4140"},"modified":"2026-03-25T16:24:35","modified_gmt":"2026-03-25T13:24:35","slug":"kurumsal-yonetim-uyum-raporu","status":"publish","type":"page","link":"https:\/\/yatirimci.mackolik.com\/?page_id=4140","title":{"rendered":"Kurumsal Y\u00f6netim Uyum Raporu"},"content":{"rendered":"\n<p><\/p>\n\n\n\n<p><\/p>\n\n\n\n<p><a href=\"https:\/\/www.kap.org.tr\/tr\/Bildirim\/1560016\" data-type=\"link\" data-id=\"https:\/\/www.kap.org.tr\/tr\/Bildirim\/1560016\">2025 Kurumsal Y\u00f6netim Uyum Raporu<\/a><\/p>\n\n\n\n<p><a href=\"https:\/\/www.kap.org.tr\/tr\/Bildirim\/1403752\" data-type=\"link\" data-id=\"https:\/\/www.kap.org.tr\/tr\/Bildirim\/1403752\">2024 Kurumsal Y\u00f6netim Uyum Raporu<\/a><\/p>\n\n\n\n<p><a href=\"https:\/\/www.kap.org.tr\/tr\/Bildirim\/1267714\" data-type=\"link\" data-id=\"https:\/\/www.kap.org.tr\/tr\/Bildirim\/1267714\">2023 Kurumsal Y\u00f6netim Uyum Raporu<\/a><\/p>\n\n\n\n<p><a href=\"https:\/\/www.kap.org.tr\/tr\/Bildirim\/1147000\" data-type=\"link\" data-id=\"https:\/\/www.kap.org.tr\/tr\/Bildirim\/1147000\">2022 Kurumsal Y\u00f6netim Uyum Raporu<\/a><\/p>\n","protected":false},"excerpt":{"rendered":"<p>2025 Kurumsal Y\u00f6netim Uyum Raporu 2024 Kurumsal Y\u00f6netim Uyum Raporu 2023 Kurumsal Y\u00f6netim Uyum Raporu 2022 Kurumsal Y\u00f6netim Uyum Raporu<\/p>\n","protected":false},"author":1,"featured_media":0,"parent":0,"menu_order":0,"comment_status":"closed","ping_status":"closed","template":"","meta":{"footnotes":""},"_links":{"self":[{"href":"https:\/\/yatirimci.mackolik.com\/index.php?rest_route=\/wp\/v2\/pages\/4140"}],"collection":[{"href":"https:\/\/yatirimci.mackolik.com\/index.php?rest_route=\/wp\/v2\/pages"}],"about":[{"href":"https:\/\/yatirimci.mackolik.com\/index.php?rest_route=\/wp\/v2\/types\/page"}],"author":[{"embeddable":true,"href":"https:\/\/yatirimci.mackolik.com\/index.php?rest_route=\/wp\/v2\/users\/1"}],"replies":[{"embeddable":true,"href":"https:\/\/yatirimci.mackolik.com\/index.php?rest_route=%2Fwp%2Fv2%2Fcomments&post=4140"}],"version-history":[{"count":3,"href":"https:\/\/yatirimci.mackolik.com\/index.php?rest_route=\/wp\/v2\/pages\/4140\/revisions"}],"predecessor-version":[{"id":4146,"href":"https:\/\/yatirimci.mackolik.com\/index.php?rest_route=\/wp\/v2\/pages\/4140\/revisions\/4146"}],"wp:attachment":[{"href":"https:\/\/yatirimci.mackolik.com\/index.php?rest_route=%2Fwp%2Fv2%2Fmedia&parent=4140"}],"curies":[{"name":"wp","href":"https:\/\/api.w.org\/{rel}","templated":true}]}}