{"id":4115,"date":"2026-03-10T15:49:44","date_gmt":"2026-03-10T12:49:44","guid":{"rendered":"https:\/\/yatirimci.mackolik.com\/?page_id=4115"},"modified":"2026-03-10T15:49:44","modified_gmt":"2026-03-10T12:49:44","slug":"calisma-esaslari","status":"publish","type":"page","link":"https:\/\/yatirimci.mackolik.com\/?page_id=4115","title":{"rendered":"\u00c7al\u0131\u015fma Esaslar\u0131"},"content":{"rendered":"","protected":false},"excerpt":{"rendered":"","protected":false},"author":1,"featured_media":0,"parent":0,"menu_order":0,"comment_status":"closed","ping_status":"closed","template":"","meta":{"footnotes":""},"_links":{"self":[{"href":"https:\/\/yatirimci.mackolik.com\/index.php?rest_route=\/wp\/v2\/pages\/4115"}],"collection":[{"href":"https:\/\/yatirimci.mackolik.com\/index.php?rest_route=\/wp\/v2\/pages"}],"about":[{"href":"https:\/\/yatirimci.mackolik.com\/index.php?rest_route=\/wp\/v2\/types\/page"}],"author":[{"embeddable":true,"href":"https:\/\/yatirimci.mackolik.com\/index.php?rest_route=\/wp\/v2\/users\/1"}],"replies":[{"embeddable":true,"href":"https:\/\/yatirimci.mackolik.com\/index.php?rest_route=%2Fwp%2Fv2%2Fcomments&post=4115"}],"version-history":[{"count":1,"href":"https:\/\/yatirimci.mackolik.com\/index.php?rest_route=\/wp\/v2\/pages\/4115\/revisions"}],"predecessor-version":[{"id":4118,"href":"https:\/\/yatirimci.mackolik.com\/index.php?rest_route=\/wp\/v2\/pages\/4115\/revisions\/4118"}],"wp:attachment":[{"href":"https:\/\/yatirimci.mackolik.com\/index.php?rest_route=%2Fwp%2Fv2%2Fmedia&parent=4115"}],"curies":[{"name":"wp","href":"https:\/\/api.w.org\/{rel}","templated":true}]}}